{"id":10078,"date":"2022-06-23T08:15:08","date_gmt":"2022-06-23T06:15:08","guid":{"rendered":"https:\/\/mito.eus\/contacto\/"},"modified":"2025-12-18T16:15:26","modified_gmt":"2025-12-18T15:15:26","slug":"contacto","status":"publish","type":"page","link":"https:\/\/mito.eus\/fr\/contacto\/","title":{"rendered":"Contact"},"content":{"rendered":"\t\t<div data-elementor-type=\"wp-page\" data-elementor-id=\"10078\" class=\"elementor elementor-10078\" data-elementor-post-type=\"page\">\n\t\t\t\t<div class=\"elementor-element elementor-element-42e68b5 e-con-full e-flex e-con e-parent\" data-id=\"42e68b5\" data-element_type=\"container\">\n\t\t<div class=\"elementor-element elementor-element-87a6049 e-con-full e-flex e-con e-child\" data-id=\"87a6049\" data-element_type=\"container\">\n\t\t\t\t<div class=\"elementor-element elementor-element-6d7bd66 elementor-widget elementor-widget-text-editor\" data-id=\"6d7bd66\" data-element_type=\"widget\" data-widget_type=\"text-editor.default\">\n\t\t\t\t\t\t\t\t\t<h2>Prenez contact avec nous<\/h2>\t\t\t\t\t\t\t\t<\/div>\n\t\t\t\t<\/div>\n\t\t<div class=\"elementor-element elementor-element-efc3fe5 e-con-full e-flex e-con e-child\" data-id=\"efc3fe5\" data-element_type=\"container\">\n\t\t\t\t<\/div>\n\t\t\t\t<\/div>\n\t\t<div class=\"elementor-element elementor-element-f0f13fe e-con-full e-flex e-con e-parent\" data-id=\"f0f13fe\" data-element_type=\"container\">\n\t\t<div class=\"elementor-element elementor-element-697eb8d e-con-full e-flex e-con e-child\" data-id=\"697eb8d\" data-element_type=\"container\">\n\t\t\t\t<div class=\"elementor-element elementor-element-8ac184b elementor-widget elementor-widget-text-editor\" data-id=\"8ac184b\" data-element_type=\"widget\" data-widget_type=\"text-editor.default\">\n\t\t\t\t\t\t\t\t\t<p>Coordonn\u00e9es<\/p>\t\t\t\t\t\t\t\t<\/div>\n\t\t\t\t<\/div>\n\t\t<div class=\"elementor-element elementor-element-135e5b1 e-con-full e-flex e-con e-child\" data-id=\"135e5b1\" data-element_type=\"container\">\n\t\t\t\t<div class=\"elementor-element elementor-element-f425849 elementor-widget elementor-widget-text-editor\" data-id=\"f425849\" data-element_type=\"widget\" data-widget_type=\"text-editor.default\">\n\t\t\t\t\t\t\t\t\t<p>Email<br \/>mito@mito.eus<\/p>\t\t\t\t\t\t\t\t<\/div>\n\t\t\t\t<\/div>\n\t\t<div class=\"elementor-element elementor-element-132edad e-con-full enlace e-flex e-con e-child\" data-id=\"132edad\" data-element_type=\"container\">\n\t\t\t\t<div class=\"elementor-element elementor-element-7dba640 elementor-widget elementor-widget-text-editor\" data-id=\"7dba640\" data-element_type=\"widget\" data-widget_type=\"text-editor.default\">\n\t\t\t\t\t\t\t\t\t<p>Aadresse<br \/>Sagasti Kalea 1<br \/>20271 Irura Gipuzkoa. Spain<\/p><p><a href=\"https:\/\/www.google.com\/maps\/place\/Mito\/@43.1680412,-2.0660002,459m\/data=!3m1!1e3!4m9!3m8!1s0xd504cc38e14b7bf:0x3b61b02591263cba!8m2!3d43.1672914!4d-2.0649581!10e5!14m1!1BCgIgAQ!16s%2Fg%2F1tcy5ml0?entry=ttu&amp;g_ep=EgoyMDI1MTAxMy4wIKXMDSoASAFQAw%3D%3D\" target=\"_blank\" rel=\"noopener\">Maps<\/a><\/p>\t\t\t\t\t\t\t\t<\/div>\n\t\t\t\t<\/div>\n\t\t\t\t<\/div>\n\t\t<div class=\"elementor-element elementor-element-f331332 e-con-full e-flex e-con e-parent\" data-id=\"f331332\" data-element_type=\"container\">\n\t\t<div class=\"elementor-element elementor-element-81ef61c e-con-full e-flex e-con e-child\" data-id=\"81ef61c\" data-element_type=\"container\">\n\t\t\t\t<div class=\"elementor-element elementor-element-14cba4c elementor-widget elementor-widget-text-editor\" data-id=\"14cba4c\" data-element_type=\"widget\" data-widget_type=\"text-editor.default\">\n\t\t\t\t\t\t\t\t\t<p><strong data-start=\"102\" data-end=\"113\">R\u00e9seaux<\/strong><\/p>\t\t\t\t\t\t\t\t<\/div>\n\t\t\t\t<\/div>\n\t\t<div class=\"elementor-element elementor-element-30ffaf4 e-con-full enlace e-flex e-con e-child\" data-id=\"30ffaf4\" data-element_type=\"container\">\n\t\t\t\t<div class=\"elementor-element elementor-element-f36967a elementor-widget elementor-widget-text-editor\" data-id=\"f36967a\" data-element_type=\"widget\" data-widget_type=\"text-editor.default\">\n\t\t\t\t\t\t\t\t\t<p><a href=\"https:\/\/www.instagram.com\/mito.eus\/\" target=\"_blank\" rel=\"noopener\">instagram<\/a><br \/><a href=\"https:\/\/www.linkedin.com\/company\/mito.\/\" target=\"_blank\" rel=\"noopener\">linkedin<\/a><\/p>\t\t\t\t\t\t\t\t<\/div>\n\t\t\t\t<\/div>\n\t\t<div class=\"elementor-element elementor-element-14a19fa e-con-full e-flex e-con e-child\" data-id=\"14a19fa\" data-element_type=\"container\">\n\t\t\t\t<\/div>\n\t\t\t\t<\/div>\n\t\t<div class=\"elementor-element elementor-element-c7cdbd9 e-con-full e-flex e-con e-parent\" data-id=\"c7cdbd9\" data-element_type=\"container\">\n\t\t<div class=\"elementor-element elementor-element-60d8fa0 e-con-full e-flex e-con e-child\" data-id=\"60d8fa0\" data-element_type=\"container\">\n\t\t\t\t<div class=\"elementor-element elementor-element-5b04a9f elementor-widget elementor-widget-text-editor\" data-id=\"5b04a9f\" data-element_type=\"widget\" data-widget_type=\"text-editor.default\">\n\t\t\t\t\t\t\t\t\tAutres demandes\t\t\t\t\t\t\t\t<\/div>\n\t\t\t\t<\/div>\n\t\t<div class=\"elementor-element elementor-element-48f0bee e-con-full e-flex e-con e-child\" data-id=\"48f0bee\" data-element_type=\"container\">\n\t\t\t\t<div class=\"elementor-element elementor-element-c517b9a elementor-widget elementor-widget-text-editor\" data-id=\"c517b9a\" data-element_type=\"widget\" data-widget_type=\"text-editor.default\">\n\t\t\t\t\t\t\t\t\t<p>Pour les demandes commerciales, contactez Mikel Martin<br \/>mikel@mito.eus<\/p><p>Pour les demandes de presse et de relations publiques<br \/>mito@mito.eus<\/p><p>Pour les demandes administratives, contactez<br \/>admin@mito.eus<\/p><p>Pour les stages et les opportunit\u00e9s professionnelles<br \/>Nous sommes toujours \u00e0 la recherche de talents \u2014 freelance, \u00e0 temps plein, \u00e0 distance ou sur site. Envoyez votre portfolio \u00e0 mito@mito.eus.<\/p>\t\t\t\t\t\t\t\t<\/div>\n\t\t\t\t<\/div>\n\t\t\t\t<\/div>\n\t\t\t\t<\/div>\n\t\t","protected":false},"excerpt":{"rendered":"<p>Prenez contact avec nous Coordonn\u00e9es Emailmito@mito.eus AadresseSagasti Kalea 120271 Irura Gipuzkoa. Spain Maps R\u00e9seaux instagramlinkedin Autres demandes Pour les demandes commerciales, contactez Mikel Martinmikel@mito.eus Pour les demandes de presse et de relations publiquesmito@mito.eus Pour les demandes administratives, contactezadmin@mito.eus Pour les stages et les opportunit\u00e9s professionnellesNous sommes toujours \u00e0 la recherche de talents \u2014 freelance, \u00e0 &hellip;<\/p>\n","protected":false},"author":1,"featured_media":0,"parent":0,"menu_order":0,"comment_status":"closed","ping_status":"closed","template":"","meta":{"footnotes":""},"class_list":["post-10078","page","type-page","status-publish","hentry"],"acf":[],"_links":{"self":[{"href":"https:\/\/mito.eus\/fr\/wp-json\/wp\/v2\/pages\/10078","targetHints":{"allow":["GET"]}}],"collection":[{"href":"https:\/\/mito.eus\/fr\/wp-json\/wp\/v2\/pages"}],"about":[{"href":"https:\/\/mito.eus\/fr\/wp-json\/wp\/v2\/types\/page"}],"author":[{"embeddable":true,"href":"https:\/\/mito.eus\/fr\/wp-json\/wp\/v2\/users\/1"}],"replies":[{"embeddable":true,"href":"https:\/\/mito.eus\/fr\/wp-json\/wp\/v2\/comments?post=10078"}],"version-history":[{"count":13,"href":"https:\/\/mito.eus\/fr\/wp-json\/wp\/v2\/pages\/10078\/revisions"}],"predecessor-version":[{"id":10309,"href":"https:\/\/mito.eus\/fr\/wp-json\/wp\/v2\/pages\/10078\/revisions\/10309"}],"wp:attachment":[{"href":"https:\/\/mito.eus\/fr\/wp-json\/wp\/v2\/media?parent=10078"}],"curies":[{"name":"wp","href":"https:\/\/api.w.org\/{rel}","templated":true}]}}